{"id":2,"date":"2026-01-28T15:48:18","date_gmt":"2026-01-28T15:48:18","guid":{"rendered":"http:\/\/g-sistah.com\/?page_id=2"},"modified":"2026-01-28T15:48:18","modified_gmt":"2026-01-28T15:48:18","slug":"primjer-stranice","status":"publish","type":"page","link":"http:\/\/g-sistah.com\/bs\/primjer-stranice\/","title":{"rendered":"Primjer stranice"},"content":{"rendered":"<p>Ovo je primjer stranice. Razlikuje se od objave na blogu jer \u0107e ostati na jednom mjestu i pojavit \u0107e se u navigaciji va\u0161e stranice (u ve\u0107ini tema). Ve\u0107ina ljudi po\u010dinje sa stranicom \"O meni\" koja ih predstavlja potencijalnim posjetiteljima stranice. Moglo bi glasiti otprilike ovako:<\/p>\n\n\n\n<blockquote class=\"wp-block-quote is-layout-flow wp-block-quote-is-layout-flow\">\n\n<p>Zdravo! Danju sam biciklisti\u010dki dostavlja\u010d, a no\u0107u ambiciozni glumac, a ovo je moja web stranica. \u017divim u Los Angelesu, imam sjajnog psa po imenu Jack i volim pi\u00f1a colade. (I da me uhvati ki\u0161a.)<\/p>\n\n<\/blockquote>\n\n\n\n<p>\u2026ili ne\u0161to sli\u010dno ovome:<\/p>\n\n\n\n<blockquote class=\"wp-block-quote is-layout-flow wp-block-quote-is-layout-flow\">\n\n<p>Kompanija XYZ Doohickey osnovana je 1971. godine i od tada pru\u017ea kvalitetne doohickeys javnosti. Smje\u0161tena u Gotham Cityju, XYZ zapo\u0161ljava vi\u0161e od 2.000 ljudi i radi sve vrste sjajnih stvari za zajednicu Gotham Cityja.<\/p>\n\n<\/blockquote>\n\n\n\n<p>Kao novi korisnik WordPressa, trebali biste oti\u0107i na <a href=\"http:\/\/g-sistah.com\/wp-admin\/\">va\u0161a instrument tabla<\/a> izbrisati ovu stranicu i kreirati nove stranice za va\u0161 sadr\u017eaj. Zabavite se!<\/p>","protected":false},"excerpt":{"rendered":"<p>This is an example page. It&#8217;s different from a blog post because it will stay in one place and will show up in your site navigation (in most themes). Most people start with an About page that introduces them to potential site visitors. It might say something like this: Hi there! I&#8217;m a bike messenger [&hellip;]<\/p>","protected":false},"author":1,"featured_media":0,"parent":0,"menu_order":0,"comment_status":"closed","ping_status":"open","template":"","meta":{"_seopress_robots_primary_cat":"","_seopress_titles_title":"","_seopress_titles_desc":"","_seopress_robots_index":"","footnotes":""},"class_list":["post-2","page","type-page","status-publish","hentry"],"_links":{"self":[{"href":"http:\/\/g-sistah.com\/bs\/wp-json\/wp\/v2\/pages\/2","targetHints":{"allow":["GET"]}}],"collection":[{"href":"http:\/\/g-sistah.com\/bs\/wp-json\/wp\/v2\/pages"}],"about":[{"href":"http:\/\/g-sistah.com\/bs\/wp-json\/wp\/v2\/types\/page"}],"author":[{"embeddable":true,"href":"http:\/\/g-sistah.com\/bs\/wp-json\/wp\/v2\/users\/1"}],"replies":[{"embeddable":true,"href":"http:\/\/g-sistah.com\/bs\/wp-json\/wp\/v2\/comments?post=2"}],"version-history":[{"count":0,"href":"http:\/\/g-sistah.com\/bs\/wp-json\/wp\/v2\/pages\/2\/revisions"}],"wp:attachment":[{"href":"http:\/\/g-sistah.com\/bs\/wp-json\/wp\/v2\/media?parent=2"}],"curies":[{"name":"wp","href":"https:\/\/api.w.org\/{rel}","templated":true}]}}