{"id":2,"date":"2026-01-28T15:48:18","date_gmt":"2026-01-28T15:48:18","guid":{"rendered":"http:\/\/g-sistah.com\/?page_id=2"},"modified":"2026-01-28T15:48:18","modified_gmt":"2026-01-28T15:48:18","slug":"pagina-de-mostra","status":"publish","type":"page","link":"http:\/\/g-sistah.com\/ca\/pagina-de-mostra\/","title":{"rendered":"P\u00e0gina de mostra"},"content":{"rendered":"<p>Aquesta \u00e9s una p\u00e0gina d'exemple. \u00c9s diferent d'una entrada de bloc perqu\u00e8 es mantindr\u00e0 en un sol lloc i apareixer\u00e0 a la navegaci\u00f3 del vostre lloc (en la majoria de temes). La majoria de la gent comen\u00e7a amb una p\u00e0gina \u00abSobre mi\u00bb que els presenta als possibles visitants del lloc. Podria dir alguna cosa com aquesta:<\/p>\n\n\n\n<blockquote class=\"wp-block-quote is-layout-flow wp-block-quote-is-layout-flow\">\n\n<p>Hola! De dia s\u00f3c missatger en bicicleta, de nit aspirant a actor, i aquest \u00e9s el meu lloc web. Visc a Los Angeles, tinc un gos fant\u00e0stic que es diu Jack, i m'agraden les pi\u00f1a colades. (I que em sorprengui la pluja.)<\/p>\n\n<\/blockquote>\n\n\n\n<p>\u2026o alguna cosa aix\u00ed:<\/p>\n\n\n\n<blockquote class=\"wp-block-quote is-layout-flow wp-block-quote-is-layout-flow\">\n\n<p>La companyia XYZ Doohickey es va fundar el 1971 i des de llavors ha estat proporcionant doohickeys de qualitat al p\u00fablic. Situada a Gotham City, XYZ d\u00f3na feina a m\u00e9s de 2.000 persones i fa tota mena de coses incre\u00efbles per a la comunitat de Gotham.<\/p>\n\n<\/blockquote>\n\n\n\n<p>Com a nou usuari de WordPress, haur\u00edeu d'anar a <a href=\"http:\/\/g-sistah.com\/wp-admin\/\">El teu tauler de control<\/a> per eliminar aquesta p\u00e0gina i crear p\u00e0gines noves per al teu contingut. Divertir-te!<\/p>","protected":false},"excerpt":{"rendered":"<p>This is an example page. It&#8217;s different from a blog post because it will stay in one place and will show up in your site navigation (in most themes). Most people start with an About page that introduces them to potential site visitors. It might say something like this: Hi there! I&#8217;m a bike messenger [&hellip;]<\/p>","protected":false},"author":1,"featured_media":0,"parent":0,"menu_order":0,"comment_status":"closed","ping_status":"open","template":"","meta":{"_seopress_robots_primary_cat":"","_seopress_titles_title":"","_seopress_titles_desc":"","_seopress_robots_index":"","footnotes":""},"class_list":["post-2","page","type-page","status-publish","hentry"],"_links":{"self":[{"href":"http:\/\/g-sistah.com\/ca\/wp-json\/wp\/v2\/pages\/2","targetHints":{"allow":["GET"]}}],"collection":[{"href":"http:\/\/g-sistah.com\/ca\/wp-json\/wp\/v2\/pages"}],"about":[{"href":"http:\/\/g-sistah.com\/ca\/wp-json\/wp\/v2\/types\/page"}],"author":[{"embeddable":true,"href":"http:\/\/g-sistah.com\/ca\/wp-json\/wp\/v2\/users\/1"}],"replies":[{"embeddable":true,"href":"http:\/\/g-sistah.com\/ca\/wp-json\/wp\/v2\/comments?post=2"}],"version-history":[{"count":0,"href":"http:\/\/g-sistah.com\/ca\/wp-json\/wp\/v2\/pages\/2\/revisions"}],"wp:attachment":[{"href":"http:\/\/g-sistah.com\/ca\/wp-json\/wp\/v2\/media?parent=2"}],"curies":[{"name":"wp","href":"https:\/\/api.w.org\/{rel}","templated":true}]}}