{"id":2,"date":"2026-01-28T15:48:18","date_gmt":"2026-01-28T15:48:18","guid":{"rendered":"http:\/\/g-sistah.com\/?page_id=2"},"modified":"2026-01-28T15:48:18","modified_gmt":"2026-01-28T15:48:18","slug":"eksempel-pa-side","status":"publish","type":"page","link":"http:\/\/g-sistah.com\/da\/eksempel-pa-side\/","title":{"rendered":"Eksempel p\u00e5 side"},"content":{"rendered":"<p>Dette er en eksempelside. Den adskiller sig fra et blogindl\u00e6g, fordi den bliver p\u00e5 \u00e9t sted og dukker op i din webstedsnavigation (i de fleste temaer). De fleste starter med en \"Om\"-side, der pr\u00e6senterer dem for potentielle bes\u00f8gende. Der kan st\u00e5 noget i stil med dette:<\/p>\n\n\n\n<blockquote class=\"wp-block-quote is-layout-flow wp-block-quote-is-layout-flow\">\n\n<p>Hej med jer! Jeg er cykelbud om dagen, skuespilleraspirant om natten, og dette er min hjemmeside. Jeg bor i Los Angeles, har en dejlig hund, der hedder Jack, og jeg kan godt lide pi\u00f1a coladas. (Og at blive fanget i regnen).<\/p>\n\n<\/blockquote>\n\n\n\n<p>...eller noget i den stil:<\/p>\n\n\n\n<blockquote class=\"wp-block-quote is-layout-flow wp-block-quote-is-layout-flow\">\n\n<p>XYZ Doohickey Company blev grundlagt i 1971 og har leveret kvalitetsdoohickeys til offentligheden lige siden. XYZ ligger i Gotham City og besk\u00e6ftiger over 2.000 mennesker og g\u00f8r alle mulige fantastiske ting for Gotham-samfundet.<\/p>\n\n<\/blockquote>\n\n\n\n<p>Som ny WordPress-bruger skal du g\u00e5 til <a href=\"http:\/\/g-sistah.com\/wp-admin\/\">dit dashboard<\/a> for at slette denne side og oprette nye sider til dit indhold. God forn\u00f8jelse!<\/p>","protected":false},"excerpt":{"rendered":"<p>This is an example page. It&#8217;s different from a blog post because it will stay in one place and will show up in your site navigation (in most themes). Most people start with an About page that introduces them to potential site visitors. It might say something like this: Hi there! I&#8217;m a bike messenger [&hellip;]<\/p>","protected":false},"author":1,"featured_media":0,"parent":0,"menu_order":0,"comment_status":"closed","ping_status":"open","template":"","meta":{"_seopress_robots_primary_cat":"","_seopress_titles_title":"","_seopress_titles_desc":"","_seopress_robots_index":"","footnotes":""},"class_list":["post-2","page","type-page","status-publish","hentry"],"_links":{"self":[{"href":"http:\/\/g-sistah.com\/da\/wp-json\/wp\/v2\/pages\/2","targetHints":{"allow":["GET"]}}],"collection":[{"href":"http:\/\/g-sistah.com\/da\/wp-json\/wp\/v2\/pages"}],"about":[{"href":"http:\/\/g-sistah.com\/da\/wp-json\/wp\/v2\/types\/page"}],"author":[{"embeddable":true,"href":"http:\/\/g-sistah.com\/da\/wp-json\/wp\/v2\/users\/1"}],"replies":[{"embeddable":true,"href":"http:\/\/g-sistah.com\/da\/wp-json\/wp\/v2\/comments?post=2"}],"version-history":[{"count":0,"href":"http:\/\/g-sistah.com\/da\/wp-json\/wp\/v2\/pages\/2\/revisions"}],"wp:attachment":[{"href":"http:\/\/g-sistah.com\/da\/wp-json\/wp\/v2\/media?parent=2"}],"curies":[{"name":"wp","href":"https:\/\/api.w.org\/{rel}","templated":true}]}}