{"id":2,"date":"2026-01-28T15:48:18","date_gmt":"2026-01-28T15:48:18","guid":{"rendered":"http:\/\/g-sistah.com\/?page_id=2"},"modified":"2026-01-28T15:48:18","modified_gmt":"2026-01-28T15:48:18","slug":"ekzempla-pago","status":"publish","type":"page","link":"http:\/\/g-sistah.com\/eo\/ekzempla-pago\/","title":{"rendered":"Ekzempla pa\u011do"},"content":{"rendered":"<p>Jen ekzemplopa\u011do. \u011ci diferencas de bloga afi\u015do, \u0109ar \u011di restos en unu loko kaj aperos en la navigado de via retejo (en plej multaj temoj). Plej multaj homoj komencas per pa\u011do \"Pri mi\", kiu prezentas ilin al eblaj vizitantoj de la retejo. \u011ci povus diri ion similan al \u0109i tio:<\/p>\n\n\n\n<blockquote class=\"wp-block-quote is-layout-flow wp-block-quote-is-layout-flow\">\n\n<p>Saluton! Mi estas bicikla kuriero dumtage, aspiranta aktoro nokte, kaj jen mia retejo. Mi lo\u011das en Los-An\u011deleso, havas bonegan hundon nomatan Jack, kaj mi \u015datas pi\u00f1a coladojn. (Kaj esti kaptita de la pluvo.)<\/p>\n\n<\/blockquote>\n\n\n\n<p>\u2026a\u016d io tia:<\/p>\n\n\n\n<blockquote class=\"wp-block-quote is-layout-flow wp-block-quote-is-layout-flow\">\n\n<p>La XYZ Doohickey-Kompanio estis fondita en 1971 kaj ekde tiam provizas al la publiko kvalitajn doohickejojn. Situanta en Gotham-Urbo, XYZ dungas pli ol 2 000 homojn kaj faras \u0109iajn mirindajn aferojn por la Gotham-komunumo.<\/p>\n\n<\/blockquote>\n\n\n\n<p>Kiel nova uzanto de WordPress, vi devus iri al <a href=\"http:\/\/g-sistah.com\/wp-admin\/\">via instrumentpanelo<\/a> forvi\u015di \u0109i tiun pa\u011don kaj krei novajn pa\u011dojn por via enhavo. Amuzi\u011du!<\/p>","protected":false},"excerpt":{"rendered":"<p>This is an example page. It&#8217;s different from a blog post because it will stay in one place and will show up in your site navigation (in most themes). Most people start with an About page that introduces them to potential site visitors. It might say something like this: Hi there! I&#8217;m a bike messenger [&hellip;]<\/p>","protected":false},"author":1,"featured_media":0,"parent":0,"menu_order":0,"comment_status":"closed","ping_status":"open","template":"","meta":{"_seopress_robots_primary_cat":"","_seopress_titles_title":"","_seopress_titles_desc":"","_seopress_robots_index":"","footnotes":""},"class_list":["post-2","page","type-page","status-publish","hentry"],"_links":{"self":[{"href":"http:\/\/g-sistah.com\/eo\/wp-json\/wp\/v2\/pages\/2","targetHints":{"allow":["GET"]}}],"collection":[{"href":"http:\/\/g-sistah.com\/eo\/wp-json\/wp\/v2\/pages"}],"about":[{"href":"http:\/\/g-sistah.com\/eo\/wp-json\/wp\/v2\/types\/page"}],"author":[{"embeddable":true,"href":"http:\/\/g-sistah.com\/eo\/wp-json\/wp\/v2\/users\/1"}],"replies":[{"embeddable":true,"href":"http:\/\/g-sistah.com\/eo\/wp-json\/wp\/v2\/comments?post=2"}],"version-history":[{"count":0,"href":"http:\/\/g-sistah.com\/eo\/wp-json\/wp\/v2\/pages\/2\/revisions"}],"wp:attachment":[{"href":"http:\/\/g-sistah.com\/eo\/wp-json\/wp\/v2\/media?parent=2"}],"curies":[{"name":"wp","href":"https:\/\/api.w.org\/{rel}","templated":true}]}}