{"id":2,"date":"2026-01-28T15:48:18","date_gmt":"2026-01-28T15:48:18","guid":{"rendered":"http:\/\/g-sistah.com\/?page_id=2"},"modified":"2026-01-28T15:48:18","modified_gmt":"2026-01-28T15:48:18","slug":"faqe-shembull","status":"publish","type":"page","link":"http:\/\/g-sistah.com\/sq\/faqe-shembull\/","title":{"rendered":"Faqe shembull"},"content":{"rendered":"<p>Kjo \u00ebsht\u00eb nj\u00eb faqe shembull. Ajo ndryshon nga nj\u00eb postim n\u00eb blog sepse do t\u00eb q\u00ebndroj\u00eb n\u00eb t\u00eb nj\u00ebjtin vend dhe do t\u00eb shfaqet n\u00eb navigacionin e faqes suaj (n\u00eb shumic\u00ebn e temave). Shumica e njer\u00ebzve fillojn\u00eb me nj\u00eb faqe \"Rreth meje\" q\u00eb i prezanton ata vizitor\u00ebve t\u00eb mundsh\u00ebm t\u00eb faqes. Mund t\u00eb thuhej di\u00e7ka si kjo:<\/p>\n\n\n\n<blockquote class=\"wp-block-quote is-layout-flow wp-block-quote-is-layout-flow\">\n\n<p>P\u00ebrsh\u00ebndetje! Un\u00eb jam korrier me bi\u00e7iklet\u00eb gjat\u00eb dit\u00ebs, aktor aspirant nat\u00ebn, dhe kjo \u00ebsht\u00eb faqja ime n\u00eb internet. Un\u00eb jetoj n\u00eb Los Anxhelos, kam nj\u00eb qen t\u00eb mrekulluesh\u00ebm me emrin Jack, dhe m\u00eb p\u00eblqejn\u00eb pi\u00f1a coladat. (Dhe t\u00eb kapem n\u00eb shi.)<\/p>\n\n<\/blockquote>\n\n\n\n<p>\u2026ose di\u00e7ka e till\u00eb:<\/p>\n\n\n\n<blockquote class=\"wp-block-quote is-layout-flow wp-block-quote-is-layout-flow\">\n\n<p>Kompania XYZ Doohickey u themelua n\u00eb vitin 1971 dhe q\u00eb at\u00ebher\u00eb ka ofruar doohickeys cil\u00ebsore p\u00ebr publikun. E vendosur n\u00eb Gotham City, XYZ pun\u00ebson m\u00eb shum\u00eb se 2,000 njer\u00ebz dhe b\u00ebn t\u00eb gjitha llojet e gj\u00ebrave t\u00eb mahnitshme p\u00ebr komunitetin e Gotham City.<\/p>\n\n<\/blockquote>\n\n\n\n<p>Si nj\u00eb p\u00ebrdorues i ri i WordPress, duhet t\u00eb shkoni te <a href=\"http:\/\/g-sistah.com\/wp-admin\/\">paneli juaj<\/a> P\u00ebr t\u00eb fshir\u00eb k\u00ebt\u00eb faqe dhe p\u00ebr t\u00eb krijuar faqe t\u00eb reja p\u00ebr p\u00ebrmbajtjen tuaj. Arg\u00ebtohuni!<\/p>","protected":false},"excerpt":{"rendered":"<p>This is an example page. It&#8217;s different from a blog post because it will stay in one place and will show up in your site navigation (in most themes). Most people start with an About page that introduces them to potential site visitors. It might say something like this: Hi there! I&#8217;m a bike messenger [&hellip;]<\/p>","protected":false},"author":1,"featured_media":0,"parent":0,"menu_order":0,"comment_status":"closed","ping_status":"open","template":"","meta":{"_seopress_robots_primary_cat":"","_seopress_titles_title":"","_seopress_titles_desc":"","_seopress_robots_index":"","footnotes":""},"class_list":["post-2","page","type-page","status-publish","hentry"],"_links":{"self":[{"href":"http:\/\/g-sistah.com\/sq\/wp-json\/wp\/v2\/pages\/2","targetHints":{"allow":["GET"]}}],"collection":[{"href":"http:\/\/g-sistah.com\/sq\/wp-json\/wp\/v2\/pages"}],"about":[{"href":"http:\/\/g-sistah.com\/sq\/wp-json\/wp\/v2\/types\/page"}],"author":[{"embeddable":true,"href":"http:\/\/g-sistah.com\/sq\/wp-json\/wp\/v2\/users\/1"}],"replies":[{"embeddable":true,"href":"http:\/\/g-sistah.com\/sq\/wp-json\/wp\/v2\/comments?post=2"}],"version-history":[{"count":0,"href":"http:\/\/g-sistah.com\/sq\/wp-json\/wp\/v2\/pages\/2\/revisions"}],"wp:attachment":[{"href":"http:\/\/g-sistah.com\/sq\/wp-json\/wp\/v2\/media?parent=2"}],"curies":[{"name":"wp","href":"https:\/\/api.w.org\/{rel}","templated":true}]}}